{"id":29,"date":"2015-09-16T16:39:35","date_gmt":"2015-09-16T14:39:35","guid":{"rendered":"https:\/\/genevieveetbernardauxameriques.wordpress.com\/?page_id=29"},"modified":"2016-05-13T00:52:29","modified_gmt":"2016-05-12T23:52:29","slug":"qui-sommes-nous","status":"publish","type":"page","link":"https:\/\/genevieveetbernardauxameriques.fr\/index.php\/qui-sommes-nous\/","title":{"rendered":"Qui sommes-nous ?"},"content":{"rendered":"<hr \/>\n<p style=\"text-align: left;\">Genevi\u00e8ve et Bernard, en retraite depuis quelques ann\u00e9es.<\/p>\n<p>Notre passion commune : les voyages et depuis quelques ann\u00e9es en camping-car.<\/p>\n<p>A notre actif, l&rsquo;Europe et depuis 4 ans le Maroc l&rsquo;hiver.<\/p>\n<p>Sans oublier\u00a0 les voyages\u00a0avec\u00a0sac \u00e0 dos, principalement en Asie (Chine, Cor\u00e9e du Sud, Japon, Birmanie, Laos, Cambodge, Vietnam, Tha\u00eflande, Malaisie, Bali, Inde, N\u00e9pal) , en Australie (7 mois),\u00a0un peu en\u00a0Am\u00e9rique (New\u00a0York, Mexique, Costa Rica, P\u00e9rou, Chili, Cuba) et \u00a0de St Petesbourg \u00e0 Moscou en croisi\u00e8re et n&rsquo;oublions pas pour\u00a0notre grand navigateur : les Cara\u00efbes.<\/p>\n<p><strong><img loading=\"lazy\" decoding=\"async\" data-attachment-id=\"6334\" data-permalink=\"https:\/\/genevieveetbernardauxameriques.fr\/index.php\/qui-sommes-nous\/p1110627\/\" data-orig-file=\"https:\/\/i0.wp.com\/genevieveetbernardauxameriques.fr\/wp-content\/uploads\/2015\/09\/P1110627.jpg?fit=2560%2C1920&amp;ssl=1\" data-orig-size=\"2560,1920\" data-comments-opened=\"1\" data-image-meta=\"{&quot;aperture&quot;:&quot;4&quot;,&quot;credit&quot;:&quot;&quot;,&quot;camera&quot;:&quot;DMC-FZ5&quot;,&quot;caption&quot;:&quot;&quot;,&quot;created_timestamp&quot;:&quot;1377603002&quot;,&quot;copyright&quot;:&quot;&quot;,&quot;focal_length&quot;:&quot;6&quot;,&quot;iso&quot;:&quot;80&quot;,&quot;shutter_speed&quot;:&quot;0.0025&quot;,&quot;title&quot;:&quot;&quot;,&quot;orientation&quot;:&quot;1&quot;}\" data-image-title=\"P1110627\" data-image-description=\"\" data-image-caption=\"\" data-medium-file=\"https:\/\/i0.wp.com\/genevieveetbernardauxameriques.fr\/wp-content\/uploads\/2015\/09\/P1110627.jpg?fit=300%2C225&amp;ssl=1\" data-large-file=\"https:\/\/i0.wp.com\/genevieveetbernardauxameriques.fr\/wp-content\/uploads\/2015\/09\/P1110627.jpg?fit=640%2C480&amp;ssl=1\" class=\"alignnone size-medium wp-image-6334\" src=\"https:\/\/i0.wp.com\/genevieveetbernardauxameriques.fr\/wp-content\/uploads\/2015\/09\/P1110627.jpg?resize=300%2C225&#038;ssl=1\" alt=\"P1110627\" width=\"300\" height=\"225\" srcset=\"https:\/\/i0.wp.com\/genevieveetbernardauxameriques.fr\/wp-content\/uploads\/2015\/09\/P1110627.jpg?resize=300%2C225&amp;ssl=1 300w, https:\/\/i0.wp.com\/genevieveetbernardauxameriques.fr\/wp-content\/uploads\/2015\/09\/P1110627.jpg?resize=768%2C576&amp;ssl=1 768w, https:\/\/i0.wp.com\/genevieveetbernardauxameriques.fr\/wp-content\/uploads\/2015\/09\/P1110627.jpg?resize=1024%2C768&amp;ssl=1 1024w, https:\/\/i0.wp.com\/genevieveetbernardauxameriques.fr\/wp-content\/uploads\/2015\/09\/P1110627.jpg?w=1280&amp;ssl=1 1280w, https:\/\/i0.wp.com\/genevieveetbernardauxameriques.fr\/wp-content\/uploads\/2015\/09\/P1110627.jpg?w=1920&amp;ssl=1 1920w\" sizes=\"(max-width: 300px) 100vw, 300px\" data-recalc-dims=\"1\" \/> <img loading=\"lazy\" decoding=\"async\" data-attachment-id=\"6335\" data-permalink=\"https:\/\/genevieveetbernardauxameriques.fr\/index.php\/qui-sommes-nous\/img_6313\/\" data-orig-file=\"https:\/\/i0.wp.com\/genevieveetbernardauxameriques.fr\/wp-content\/uploads\/2015\/09\/IMG_6313.jpg?fit=3000%2C2000&amp;ssl=1\" data-orig-size=\"3000,2000\" data-comments-opened=\"1\" data-image-meta=\"{&quot;aperture&quot;:&quot;10&quot;,&quot;credit&quot;:&quot;&quot;,&quot;camera&quot;:&quot;&quot;,&quot;caption&quot;:&quot;&quot;,&quot;created_timestamp&quot;:&quot;1400909584&quot;,&quot;copyright&quot;:&quot;&quot;,&quot;focal_length&quot;:&quot;36&quot;,&quot;iso&quot;:&quot;100&quot;,&quot;shutter_speed&quot;:&quot;0.004&quot;,&quot;title&quot;:&quot;&quot;,&quot;orientation&quot;:&quot;1&quot;}\" data-image-title=\"IMG_6313\" data-image-description=\"\" data-image-caption=\"\" data-medium-file=\"https:\/\/i0.wp.com\/genevieveetbernardauxameriques.fr\/wp-content\/uploads\/2015\/09\/IMG_6313.jpg?fit=300%2C200&amp;ssl=1\" data-large-file=\"https:\/\/i0.wp.com\/genevieveetbernardauxameriques.fr\/wp-content\/uploads\/2015\/09\/IMG_6313.jpg?fit=640%2C427&amp;ssl=1\" class=\"alignnone size-medium wp-image-6335\" src=\"https:\/\/i0.wp.com\/genevieveetbernardauxameriques.fr\/wp-content\/uploads\/2015\/09\/IMG_6313.jpg?resize=300%2C200&#038;ssl=1\" alt=\"IMG_6313\" width=\"300\" height=\"200\" srcset=\"https:\/\/i0.wp.com\/genevieveetbernardauxameriques.fr\/wp-content\/uploads\/2015\/09\/IMG_6313.jpg?resize=300%2C200&amp;ssl=1 300w, https:\/\/i0.wp.com\/genevieveetbernardauxameriques.fr\/wp-content\/uploads\/2015\/09\/IMG_6313.jpg?resize=768%2C512&amp;ssl=1 768w, https:\/\/i0.wp.com\/genevieveetbernardauxameriques.fr\/wp-content\/uploads\/2015\/09\/IMG_6313.jpg?resize=1024%2C683&amp;ssl=1 1024w, https:\/\/i0.wp.com\/genevieveetbernardauxameriques.fr\/wp-content\/uploads\/2015\/09\/IMG_6313.jpg?w=1280&amp;ssl=1 1280w, https:\/\/i0.wp.com\/genevieveetbernardauxameriques.fr\/wp-content\/uploads\/2015\/09\/IMG_6313.jpg?w=1920&amp;ssl=1 1920w\" sizes=\"(max-width: 300px) 100vw, 300px\" data-recalc-dims=\"1\" \/><\/strong><\/p>\n<p>&nbsp;<\/p>\n<p><strong>Pourquoi ce blog ?<\/strong><\/p>\n<p>Pour vous faire partager notre futur voyage et j&rsquo;esp\u00e8re un peu de nos aventures.<\/p>\n<p><strong>Quel est donc ce projet ?<\/strong><\/p>\n<p>Ce\u00a0projet est n\u00e9 d&rsquo;une discussion avec des amis, dont les enfants sont partis du Qu\u00e9bec au Chili en Camper.<\/p>\n<p>Aussit\u00f4t, leur voyage\u00a0nous a emball\u00e9 et\u00a0ce fut le d\u00e9clic pour r\u00e9activer un vieux r\u00eave.<\/p>\n<p>Le soir m\u00eame, nous avons \u00ab\u00a0un peu\u00a0\u00bb r\u00e9fl\u00e9chi pour\u00a0\u00eatre certain\u00a0que ce projet nous plaisait \u00e0 tous les deux.\u00a0Apr\u00e8s discussion, et s\u00fbrement avec un peu d &lsquo;\u00e9go\u00efsme, nous avons propos\u00e9 d&rsquo;acheter le Camper pour faire le trajet en sens inverse.<\/p>\n<p>Nous allons donc retrouver Fina et Alain et \u00a0leur\u00a0v\u00e9hicule et nous le remonterons jusqu&rsquo;au Canada pour le revendre.<\/p>\n<p>Afin de rejoindre les deux h\u00e9misph\u00e8res, nous nous donnerons tout le temps qu&rsquo;il faut, nous n&rsquo;avons aucune date de retour, ni itin\u00e9raire \u00e9tabli.<\/p>\n<p>Bien s\u00fbr nous resterons le plus souvent possible en contact avec tous les proches. Skype fonctionnera.<span class=\"Apple-converted-space\">\u00a0<\/span><\/p>\n<p>Voila d\u00e9j\u00e0 notre v\u00e9hicule, il ne mesure qu&rsquo;un m\u00e8tre de moins que notre camping-car et il a tout le confort (cuisine, salle de bain et chambre) et devant on peut s&rsquo;asseoir \u00e0 3.<\/p>\n<p>&nbsp;<\/p>\n<p><img loading=\"lazy\" decoding=\"async\" data-attachment-id=\"6012\" data-permalink=\"https:\/\/genevieveetbernardauxameriques.fr\/index.php\/2016\/05\/20\/du-paraguay-a-salta\/p1030172\/\" data-orig-file=\"https:\/\/i0.wp.com\/genevieveetbernardauxameriques.fr\/wp-content\/uploads\/2016\/05\/P1030172.jpg?fit=800%2C600&amp;ssl=1\" data-orig-size=\"800,600\" data-comments-opened=\"1\" data-image-meta=\"{&quot;aperture&quot;:&quot;6.3&quot;,&quot;credit&quot;:&quot;&quot;,&quot;camera&quot;:&quot;DMC-TZ55&quot;,&quot;caption&quot;:&quot;&quot;,&quot;created_timestamp&quot;:&quot;1462302507&quot;,&quot;copyright&quot;:&quot;&quot;,&quot;focal_length&quot;:&quot;60&quot;,&quot;iso&quot;:&quot;100&quot;,&quot;shutter_speed&quot;:&quot;0.003125&quot;,&quot;title&quot;:&quot;&quot;,&quot;orientation&quot;:&quot;1&quot;}\" data-image-title=\"P1030172\" data-image-description=\"\" data-image-caption=\"\" data-medium-file=\"https:\/\/i0.wp.com\/genevieveetbernardauxameriques.fr\/wp-content\/uploads\/2016\/05\/P1030172.jpg?fit=300%2C225&amp;ssl=1\" data-large-file=\"https:\/\/i0.wp.com\/genevieveetbernardauxameriques.fr\/wp-content\/uploads\/2016\/05\/P1030172.jpg?fit=640%2C480&amp;ssl=1\" class=\"wp-image-6012 aligncenter\" src=\"https:\/\/i0.wp.com\/genevieveetbernardauxameriques.fr\/wp-content\/uploads\/2016\/05\/P1030172.jpg?resize=531%2C398&#038;ssl=1\" alt=\"P1030172\" width=\"531\" height=\"398\" srcset=\"https:\/\/i0.wp.com\/genevieveetbernardauxameriques.fr\/wp-content\/uploads\/2016\/05\/P1030172.jpg?w=800&amp;ssl=1 800w, https:\/\/i0.wp.com\/genevieveetbernardauxameriques.fr\/wp-content\/uploads\/2016\/05\/P1030172.jpg?resize=300%2C225&amp;ssl=1 300w, https:\/\/i0.wp.com\/genevieveetbernardauxameriques.fr\/wp-content\/uploads\/2016\/05\/P1030172.jpg?resize=768%2C576&amp;ssl=1 768w\" sizes=\"(max-width: 531px) 100vw, 531px\" data-recalc-dims=\"1\" \/><\/p>\n<p>&nbsp;<\/p>\n","protected":false},"excerpt":{"rendered":"<p>Genevi\u00e8ve et Bernard, en retraite depuis quelques ann\u00e9es. Notre passion commune : les voyages et depuis quelques ann\u00e9es en camping-car. A notre actif, l&rsquo;Europe et depuis 4 ans le Maroc l&rsquo;hiver. Sans oublier\u00a0 les voyages\u00a0avec\u00a0sac \u00e0 dos, principalement en Asie &hellip; <a href=\"https:\/\/genevieveetbernardauxameriques.fr\/index.php\/qui-sommes-nous\/\">Continuer la lecture <span class=\"meta-nav\">&rarr;<\/span><\/a><\/p>\n","protected":false},"author":2,"featured_media":0,"parent":0,"menu_order":0,"comment_status":"open","ping_status":"open","template":"","meta":{"jetpack_post_was_ever_published":false,"footnotes":""},"jetpack_sharing_enabled":true,"jetpack_shortlink":"https:\/\/wp.me\/P7hALO-t","_links":{"self":[{"href":"https:\/\/genevieveetbernardauxameriques.fr\/index.php\/wp-json\/wp\/v2\/pages\/29"}],"collection":[{"href":"https:\/\/genevieveetbernardauxameriques.fr\/index.php\/wp-json\/wp\/v2\/pages"}],"about":[{"href":"https:\/\/genevieveetbernardauxameriques.fr\/index.php\/wp-json\/wp\/v2\/types\/page"}],"author":[{"embeddable":true,"href":"https:\/\/genevieveetbernardauxameriques.fr\/index.php\/wp-json\/wp\/v2\/users\/2"}],"replies":[{"embeddable":true,"href":"https:\/\/genevieveetbernardauxameriques.fr\/index.php\/wp-json\/wp\/v2\/comments?post=29"}],"version-history":[{"count":4,"href":"https:\/\/genevieveetbernardauxameriques.fr\/index.php\/wp-json\/wp\/v2\/pages\/29\/revisions"}],"predecessor-version":[{"id":6337,"href":"https:\/\/genevieveetbernardauxameriques.fr\/index.php\/wp-json\/wp\/v2\/pages\/29\/revisions\/6337"}],"wp:attachment":[{"href":"https:\/\/genevieveetbernardauxameriques.fr\/index.php\/wp-json\/wp\/v2\/media?parent=29"}],"curies":[{"name":"wp","href":"https:\/\/api.w.org\/{rel}","templated":true}]}}